{"id":3,"date":"2024-06-13T10:56:34","date_gmt":"2024-06-13T08:56:34","guid":{"rendered":"http:\/\/vernoinvestments.pl\/?page_id=3"},"modified":"2024-06-22T19:43:34","modified_gmt":"2024-06-22T17:43:34","slug":"polityka-prywatnosci","status":"publish","type":"page","link":"https:\/\/vernoinvestments.pl\/?page_id=3","title":{"rendered":"Polityka prywatno\u015bci"},"content":{"rendered":"\t\t<div data-elementor-type=\"wp-page\" data-elementor-id=\"3\" class=\"elementor elementor-3\">\n\t\t\t\t\t\t\t\t\t<section class=\"elementor-section elementor-top-section elementor-element elementor-element-1c6aebc7 elementor-section-boxed elementor-section-height-default elementor-section-height-default\" data-id=\"1c6aebc7\" data-element_type=\"section\">\n\t\t\t\t\t\t<div class=\"elementor-container elementor-column-gap-default\">\n\t\t\t\t\t<div class=\"elementor-column elementor-col-100 elementor-top-column elementor-element elementor-element-905da9\" data-id=\"905da9\" data-element_type=\"column\">\n\t\t\t<div class=\"elementor-widget-wrap elementor-element-populated\">\n\t\t\t\t\t\t\t\t<div class=\"elementor-element elementor-element-642e84b1 de_scroll_animation_no elementor-widget elementor-widget-text-editor\" data-id=\"642e84b1\" data-element_type=\"widget\" data-widget_type=\"text-editor.default\">\n\t\t\t\t<div class=\"elementor-widget-container\">\n\t\t\t<style>\/*! elementor - v3.6.7 - 03-07-2022 *\/\n.elementor-widget-text-editor.elementor-drop-cap-view-stacked .elementor-drop-cap{background-color:#818a91;color:#fff}.elementor-widget-text-editor.elementor-drop-cap-view-framed .elementor-drop-cap{color:#818a91;border:3px solid;background-color:transparent}.elementor-widget-text-editor:not(.elementor-drop-cap-view-default) .elementor-drop-cap{margin-top:8px}.elementor-widget-text-editor:not(.elementor-drop-cap-view-default) .elementor-drop-cap-letter{width:1em;height:1em}.elementor-widget-text-editor .elementor-drop-cap{float:left;text-align:center;line-height:1;font-size:50px}.elementor-widget-text-editor .elementor-drop-cap-letter{display:inline-block}<\/style>\t\t\t\t<!-- wp:heading -->\n<p><b>Polityka Prywatno\u015bci plik\u00f3w cookies<\/b><b><\/b><\/p>\n<ol>\n<li><span style=\"font-weight: 400;\">Niniejsza Polityka Prywatno\u015bci okre\u015bla zasady przetwarzania danych osobowych, kt\u00f3re zosta\u0142y pozyskane od klient\u00f3w za po\u015brednictwem strony www.vernoinvestments.pl (\u201eStrona\u201d).<\/span><\/li>\n<li><span style=\"font-weight: 400;\">Wyra\u017cenie zgody na przetwarzanie danych osobowych jest dobrowolne. Wszelkie podane dane osobowe s\u0105 przetwarzane wy\u0142\u0105cznie w zakresie i w celu, na jaki zosta\u0142a wyra\u017cona zgoda.<\/span><\/li>\n<li><span style=\"font-weight: 400;\">W celu cofni\u0119cia zgody na przetwarzanie danych osobowych nale\u017cy wys\u0142a\u0107 e-maila na adres biuro@vernoinvestments.pl<\/span><\/li>\n<li><span style=\"font-weight: 400;\">Strona przetwarza nast\u0119puj\u0105ce dane osobowe:<\/span>\n<ol>\n<li><span style=\"font-weight: 400;\">W przypadku zapisania si\u0119 do newslettera: imi\u0119, e-mail; Podanie danych jest dobrowolne, lecz konieczne, by zapisa\u0107 si\u0119 do newslettera.\u00a0<\/span><\/li>\n<\/ol>\n<\/li>\n<li><span style=\"font-weight: 400;\">Administratorem Danych Osobowych jest Verno Investments Sp. z o. o. z siedzib\u0105 w Warszawa, adres: ul. Targowa 67\/12, <span class=\"s1\">03-729<\/span> Warszawa, KRS 0000962463, NIP 1133054372, REGON 52156308500000<\/span><span style=\"font-weight: 400;\">.<\/span><\/li>\n<li><span style=\"font-weight: 400;\">Dane osobowe przetwarzane s\u0105 zgodnie z ustaw\u0105 o ochronie danych osobowych, Rozporz\u0105dzeniem Parlamentu Europejskiego i\u00a0Rady (UE) 2016\/679 z\u00a0dnia 27 kwietnia 2016 r. w\u00a0sprawie ochrony os\u00f3b fizycznych w\u00a0zwi\u0105zku z\u00a0przetwarzaniem danych osobowych i\u00a0w sprawie swobodnego przep\u0142ywu takich danych oraz uchylenia dyrektywy 95\/46\/WE (og\u00f3lne rozporz\u0105dzenie o\u00a0ochronie danych) (RODO) oraz rozporz\u0105dzeniem Ministra Spraw Wewn\u0119trznych i Administracji z dnia 29 kwietnia 2004 r. (Dz. U. Nr 100, poz. 10024) w sprawie dokumentacji przetwarzania danych osobowych oraz warunk\u00f3w technicznych i organizacyjnych, jakim powinny odpowiada\u0107 urz\u0105dzenia i systemy informatyczne, s\u0142u\u017c\u0105ce do przetwarzania danych osobowych.<\/span><\/li>\n<li><span style=\"font-weight: 400;\">Dane te mog\u0105 by\u0107 przekazywane podmiotom trzecim w zakresie niezb\u0119dnym do realizacji procesu sprzeda\u017cy, w szczeg\u00f3lno\u015bci wysy\u0142ki towaru, dokonania p\u0142atno\u015bci, realizacji reklamacji oraz zaksi\u0119gowania sprzeda\u017cy. Lista podmiot\u00f3w kt\u00f3re przetwarzaj\u0105 dane:<\/span>\n<ol>\n<li><span style=\"font-weight: 400;\">ActiveCampaign LLC, 1 North Dearborn Street, Suite 500, Chicago, IL 60602, USA \u2013 w celu korzystania z systemu mailingowego, w kt\u00f3rym przetwarzane s\u0105 dane, je\u017celi zapisa\u0142e\u015b si\u0119 do newslettera<\/span><\/li>\n<\/ol>\n<\/li>\n<li><span style=\"font-weight: 400;\">U\u017cytkownik ma prawo dost\u0119pu do tre\u015bci swoich danych oraz prawo ich sprostowania, usuni\u0119cia, ograniczenia przetwarzania, prawo do przenoszenia danych, prawo wniesienia sprzeciwu, prawo do cofni\u0119cia zgody w dowolnym momencie bez wp\u0142ywu na zgodno\u015b\u0107 z prawem przetwarzania, kt\u00f3rego dokonano na podstawie zgody przed jej cofni\u0119ciem.<\/span><\/li>\n<li><span style=\"font-weight: 400;\">U\u017cytkownik ma prawo wniesienia skargi do Prezesa Urz\u0119du Ochrony Danych Osobowych, gdy uzna, \u017ce przetwarzanie danych osobowych narusza przepisy RODO lub ustawy o ochronie danych osobowych.<\/span><\/li>\n<li><span style=\"font-weight: 400;\">Dane osobowe przechowywane s\u0105 przez okres:<\/span>\n<ol>\n<li><span style=\"font-weight: 400;\">w zakresie newslettera: przez czas funkcjonowania newslettera, chyba \u017ce z\u0142o\u017cone zostanie o\u015bwiadczenia o rezygnacji z jego otrzymywania, co spowoduje usuni\u0119cie danych z bazy;<\/span><\/li>\n<li><span style=\"font-weight: 400;\">w przypadku z\u0142o\u017cenia zam\u00f3wienia: do czasu przedawnienia roszcze\u0144 wynikaj\u0105cych z umowy sprzeda\u017cy, w tym przez okres r\u0119kojmi, a w zakresie danych na fakturach VAT przez okres 5 lat od ko\u0144ca roku podatkowego, w kt\u00f3rym nast\u0105pi\u0142o wystawienie faktury.<\/span><\/li>\n<\/ol>\n<\/li>\n<li><span style=\"font-weight: 400;\">Strona nie zbiera w spos\u00f3b automatyczny \u017cadnych informacji, z wyj\u0105tkiem informacji zawartych w plikach cookies (dane komputera). Pliki cookies stanowi\u0105 dane informatyczne, w szczeg\u00f3lno\u015bci pliki tekstowe, kt\u00f3re przechowywane s\u0105 w urz\u0105dzeniu ko\u0144cowym U\u017cytkownika Serwisu (komputer, laptop, tablet, smartfon) i przeznaczone s\u0105 do korzystania ze Strony.<\/span><\/li>\n<li><span style=\"font-weight: 400;\">Dane gromadzone przy u\u017cyciu plik\u00f3w cookies (tzw. ciasteczka) s\u0105 zbierane w celu zapewnienia prawid\u0142owego dzia\u0142ania strony, realizacji procesu zam\u00f3wienia i prawid\u0142owego dzia\u0142ania pop-up\u00f3w i formularzy. W przypadku skorzystania z tej opcji korzystanie ze Strony b\u0119dzie mo\u017cliwe, poza funkcjami, kt\u00f3re ze swojej natury wymagaj\u0105 plik\u00f3w cookies. U\u017cytkownik ma mo\u017cliwo\u015b\u0107 ograniczenia lub wy\u0142\u0105czenia dost\u0119pu plik\u00f3w cookies do swojego urz\u0105dzenia.\u00a0 Pliki cookies s\u0105 wykorzystywane r\u00f3wnie\u017c do gromadzenia danych w celu:<\/span>\n<ol>\n<li><span style=\"font-weight: 400;\">\u00a0Analizy i Statystyk (liczba odwiedzaj\u0105cych stron\u0119, jak \u0142\u0105cz\u0105 si\u0119 ze stron\u0105 , czas sp\u0119dzony na stronie etc),\u00a0<\/span><\/li>\n<li><span style=\"font-weight: 400;\">Marketingu (wykorzystywane do kierowania reklam na portach spo\u0142eczno\u015bciowych lub wyszukiwarkach internetowych).<\/span><\/li>\n<li><span style=\"font-weight: 400;\">Narz\u0119dzi Spo\u0142eczno\u015bciowych (taki jak udost\u0119pnij na portalu spo\u0142eczno\u015bciowych lub polub\/subskrybuj wybrany profil na danym portalu spo\u0142eczno\u015bciowym),<\/span><\/li>\n<\/ol>\n<\/li>\n<li><span style=\"font-weight: 400;\">Wi\u0119cej informacji na temat plik\u00f3w cookies dost\u0119pnych jest pod adresem wszystkoociasteczkach.pl lub w sekcji \u201ePomoc\u201d w menu przegl\u0105darki internetowej.<\/span><\/li>\n<\/ol>\t\t\t\t\t\t<\/div>\n\t\t\t\t<\/div>\n\t\t\t\t\t<\/div>\n\t\t<\/div>\n\t\t\t\t\t\t\t<\/div>\n\t\t<\/section>\n\t\t\t\t\t\t\t<\/div>\n\t\t","protected":false},"excerpt":{"rendered":"<p>Polityka Prywatno\u015bci plik\u00f3w cookies Niniejsza Polityka Prywatno\u015bci okre\u015bla zasady przetwarzania danych osobowych, kt\u00f3re zosta\u0142y pozyskane od klient\u00f3w za po\u015brednictwem strony www.vernoinvestments.pl (\u201eStrona\u201d). Wyra\u017cenie zgody na przetwarzanie danych osobowych jest dobrowolne. Wszelkie podane dane osobowe s\u0105 przetwarzane wy\u0142\u0105cznie w zakresie i w celu, na jaki zosta\u0142a wyra\u017cona zgoda. W celu cofni\u0119cia zgody na przetwarzanie danych osobowych [&hellip;]<\/p>\n","protected":false},"author":1,"featured_media":0,"parent":0,"menu_order":0,"comment_status":"closed","ping_status":"open","template":"elementor_header_footer","meta":{"footnotes":""},"class_list":["post-3","page","type-page","status-publish","hentry"],"_links":{"self":[{"href":"https:\/\/vernoinvestments.pl\/index.php?rest_route=\/wp\/v2\/pages\/3","targetHints":{"allow":["GET"]}}],"collection":[{"href":"https:\/\/vernoinvestments.pl\/index.php?rest_route=\/wp\/v2\/pages"}],"about":[{"href":"https:\/\/vernoinvestments.pl\/index.php?rest_route=\/wp\/v2\/types\/page"}],"author":[{"embeddable":true,"href":"https:\/\/vernoinvestments.pl\/index.php?rest_route=\/wp\/v2\/users\/1"}],"replies":[{"embeddable":true,"href":"https:\/\/vernoinvestments.pl\/index.php?rest_route=%2Fwp%2Fv2%2Fcomments&post=3"}],"version-history":[{"count":3,"href":"https:\/\/vernoinvestments.pl\/index.php?rest_route=\/wp\/v2\/pages\/3\/revisions"}],"predecessor-version":[{"id":351,"href":"https:\/\/vernoinvestments.pl\/index.php?rest_route=\/wp\/v2\/pages\/3\/revisions\/351"}],"wp:attachment":[{"href":"https:\/\/vernoinvestments.pl\/index.php?rest_route=%2Fwp%2Fv2%2Fmedia&parent=3"}],"curies":[{"name":"wp","href":"https:\/\/api.w.org\/{rel}","templated":true}]}}